{"id":410,"date":"2026-01-28T11:12:25","date_gmt":"2026-01-28T09:12:25","guid":{"rendered":"https:\/\/isolaloscogliohotel.it\/plage\/"},"modified":"2026-01-31T14:04:47","modified_gmt":"2026-01-31T12:04:47","slug":"plage","status":"publish","type":"page","link":"https:\/\/isolaloscogliohotel.it\/fr\/plage\/","title":{"rendered":"Plage"},"content":{"rendered":"\t\t<div data-elementor-type=\"wp-page\" data-elementor-id=\"410\" class=\"elementor elementor-410 elementor-130\" data-elementor-post-type=\"page\">\n\t\t\t\t<div class=\"elementor-element elementor-element-cc055bb e-flex e-con-boxed e-con e-parent\" data-id=\"cc055bb\" data-element_type=\"container\" data-e-type=\"container\" data-settings=\"{&quot;background_background&quot;:&quot;classic&quot;}\">\n\t\t\t\t\t<div class=\"e-con-inner\">\n\t\t\t\t\t<\/div>\n\t\t\t\t<\/div>\n\t\t<div class=\"elementor-element elementor-element-5b1c682 e-flex e-con-boxed e-con e-parent\" data-id=\"5b1c682\" data-element_type=\"container\" data-e-type=\"container\">\n\t\t\t\t\t<div class=\"e-con-inner\">\n\t\t\t\t<div class=\"elementor-element elementor-element-60b829f elementor-widget elementor-widget-heading\" data-id=\"60b829f\" data-element_type=\"widget\" data-e-type=\"widget\" data-widget_type=\"heading.default\">\n\t\t\t\t\t<h2 class=\"elementor-heading-title elementor-size-default\">La mer, quand vous la voulez rien que pour vous<\/h2>\t\t\t\t<\/div>\n\t\t\t\t<div class=\"elementor-element elementor-element-10d1083 elementor-widget elementor-widget-heading\" data-id=\"10d1083\" data-element_type=\"widget\" data-e-type=\"widget\" data-widget_type=\"heading.default\">\n\t\t\t\t\t<h2 class=\"elementor-heading-title elementor-size-default\">la plage priv\u00e9e de l'h\u00f4tel<\/h2>\t\t\t\t<\/div>\n\t\t\t\t<div class=\"elementor-element elementor-element-9a6f2a9 elementor-widget__width-initial elementor-widget elementor-widget-text-editor\" data-id=\"9a6f2a9\" data-element_type=\"widget\" data-e-type=\"widget\" data-widget_type=\"text-editor.default\">\n\t\t\t\t\t\t\t\t\t<p class=\"p1\">La plage priv\u00e9e de l&rsquo;Isola Lo Scoglio Hotel est un lieu exclusif, con\u00e7u pour vivre la mer sans interm\u00e9diaire.<\/p><p class=\"p1\">Ici, nul besoin d&rsquo;organiser quoi que ce soit : la mer est \u00e0 quelques pas, toujours accessible.<\/p><p class=\"p1\">Un plongeon le matin, une pause l&rsquo;apr\u00e8s-midi, le retour naturel apr\u00e8s une journ\u00e9e sur les plages de Porto Cesareo.<\/p><p class=\"p1\">Intime, silencieuse, immerg\u00e9e dans le paysage de l&rsquo;\u00eele, c&rsquo;est l&rsquo;espace id\u00e9al pour ralentir et se ressourcer.<\/p><p class=\"p1\">Un privil\u00e8ge simple qui fait toute la diff\u00e9rence.<\/p>\t\t\t\t\t\t\t\t<\/div>\n\t\t\t\t\t<\/div>\n\t\t\t\t<\/div>\n\t\t<div class=\"elementor-element elementor-element-838dcac e-con-full e-flex e-con e-parent\" data-id=\"838dcac\" data-element_type=\"container\" data-e-type=\"container\">\n\t\t<div class=\"elementor-element elementor-element-d434477 e-con-full e-flex e-con e-child\" data-id=\"d434477\" data-element_type=\"container\" data-e-type=\"container\">\n\t\t\t\t<div class=\"elementor-element elementor-element-235e451 elementor-widget elementor-widget-image\" data-id=\"235e451\" data-element_type=\"widget\" data-e-type=\"widget\" data-widget_type=\"image.default\">\n\t\t\t\t\t\t\t\t\t\t\t\t\t\t\t<img fetchpriority=\"high\" decoding=\"async\" width=\"800\" height=\"640\" src=\"https:\/\/isolaloscogliohotel.it\/wp-content\/uploads\/2026\/01\/gallery-spiaggia-01-1024x819.jpg\" class=\"attachment-large size-large wp-image-419\" alt=\"\" srcset=\"https:\/\/isolaloscogliohotel.it\/wp-content\/uploads\/2026\/01\/gallery-spiaggia-01-1024x819.jpg 1024w, https:\/\/isolaloscogliohotel.it\/wp-content\/uploads\/2026\/01\/gallery-spiaggia-01-300x240.jpg 300w, https:\/\/isolaloscogliohotel.it\/wp-content\/uploads\/2026\/01\/gallery-spiaggia-01-768x614.jpg 768w, https:\/\/isolaloscogliohotel.it\/wp-content\/uploads\/2026\/01\/gallery-spiaggia-01.jpg 1200w\" sizes=\"(max-width: 800px) 100vw, 800px\" \/>\t\t\t\t\t\t\t\t\t\t\t\t\t\t\t<\/div>\n\t\t\t\t<\/div>\n\t\t<div class=\"elementor-element elementor-element-5764627 e-con-full e-flex e-con e-child\" data-id=\"5764627\" data-element_type=\"container\" data-e-type=\"container\">\n\t\t\t\t<div class=\"elementor-element elementor-element-a778ee9 elementor-widget elementor-widget-image\" data-id=\"a778ee9\" data-element_type=\"widget\" data-e-type=\"widget\" data-widget_type=\"image.default\">\n\t\t\t\t\t\t\t\t\t\t\t\t\t\t\t<img decoding=\"async\" width=\"800\" height=\"639\" src=\"https:\/\/isolaloscogliohotel.it\/wp-content\/uploads\/2026\/01\/gallery-spiaggia-02-1024x818.jpg\" class=\"attachment-large size-large wp-image-417\" alt=\"\" srcset=\"https:\/\/isolaloscogliohotel.it\/wp-content\/uploads\/2026\/01\/gallery-spiaggia-02-1024x818.jpg 1024w, https:\/\/isolaloscogliohotel.it\/wp-content\/uploads\/2026\/01\/gallery-spiaggia-02-300x240.jpg 300w, https:\/\/isolaloscogliohotel.it\/wp-content\/uploads\/2026\/01\/gallery-spiaggia-02-768x614.jpg 768w, https:\/\/isolaloscogliohotel.it\/wp-content\/uploads\/2026\/01\/gallery-spiaggia-02.jpg 1200w\" sizes=\"(max-width: 800px) 100vw, 800px\" \/>\t\t\t\t\t\t\t\t\t\t\t\t\t\t\t<\/div>\n\t\t\t\t<\/div>\n\t\t<div class=\"elementor-element elementor-element-53ebb6c e-con-full e-flex e-con e-child\" data-id=\"53ebb6c\" data-element_type=\"container\" data-e-type=\"container\">\n\t\t\t\t<div class=\"elementor-element elementor-element-fe5a941 elementor-widget elementor-widget-image\" data-id=\"fe5a941\" data-element_type=\"widget\" data-e-type=\"widget\" data-widget_type=\"image.default\">\n\t\t\t\t\t\t\t\t\t\t\t\t\t\t\t<img decoding=\"async\" width=\"800\" height=\"639\" src=\"https:\/\/isolaloscogliohotel.it\/wp-content\/uploads\/2026\/01\/gallery-spiaggia-03-1024x818.jpg\" class=\"attachment-large size-large wp-image-418\" alt=\"\" srcset=\"https:\/\/isolaloscogliohotel.it\/wp-content\/uploads\/2026\/01\/gallery-spiaggia-03-1024x818.jpg 1024w, https:\/\/isolaloscogliohotel.it\/wp-content\/uploads\/2026\/01\/gallery-spiaggia-03-300x240.jpg 300w, https:\/\/isolaloscogliohotel.it\/wp-content\/uploads\/2026\/01\/gallery-spiaggia-03-768x614.jpg 768w, https:\/\/isolaloscogliohotel.it\/wp-content\/uploads\/2026\/01\/gallery-spiaggia-03.jpg 1200w\" sizes=\"(max-width: 800px) 100vw, 800px\" \/>\t\t\t\t\t\t\t\t\t\t\t\t\t\t\t<\/div>\n\t\t\t\t<\/div>\n\t\t\t\t<\/div>\n\t\t<div class=\"elementor-element elementor-element-c339080 e-con-full e-flex e-con e-parent\" data-id=\"c339080\" data-element_type=\"container\" data-e-type=\"container\">\n\t\t<div class=\"elementor-element elementor-element-06dcdc1 e-con-full e-flex e-con e-child\" data-id=\"06dcdc1\" data-element_type=\"container\" data-e-type=\"container\" data-settings=\"{&quot;background_background&quot;:&quot;classic&quot;}\">\n\t\t\t\t<div class=\"elementor-element elementor-element-9b1d5d3 elementor-widget elementor-widget-heading\" data-id=\"9b1d5d3\" data-element_type=\"widget\" data-e-type=\"widget\" data-widget_type=\"heading.default\">\n\t\t\t\t\t<h2 class=\"elementor-heading-title elementor-size-default\">les plages<br>les plus iconiques<br>du salento<\/h2>\t\t\t\t<\/div>\n\t\t\t\t<div class=\"elementor-element elementor-element-a6b9c0a elementor-widget__width-initial elementor-widget elementor-widget-text-editor\" data-id=\"a6b9c0a\" data-element_type=\"widget\" data-e-type=\"widget\" data-widget_type=\"text-editor.default\">\n\t\t\t\t\t\t\t\t\t<p class=\"p1\">Les plages blanches de Porto Cesareo et Torre Lapillo repr\u00e9sentent le visage le plus lumineux et embl\u00e9matique de la c\u00f4te ionienne. <\/p><p class=\"p1\">De vastes \u00e9tendues de sable clair, une mer transparente et des fonds marins doux rendent ces plages id\u00e9ales pour de longues journ\u00e9es paisibles, entre d\u00e9tente, promenades et baignades tranquilles<span style=\"font-size: 1.1rem;\">.<\/span><\/p><p class=\"p1\"><span style=\"font-size: 1.1rem;\">Facilement accessibles depuis l&rsquo;\u00eele, elles offrent des \u00e9tablissements baln\u00e9aires \u00e9quip\u00e9s et des plages libres, laissant \u00e0 chaque h\u00f4te la libert\u00e9 de choisir sa fa\u00e7on de profiter de la mer.<\/span><\/p>\t\t\t\t\t\t\t\t<\/div>\n\t\t\t\t<\/div>\n\t\t<div class=\"elementor-element elementor-element-c08c026 e-con-full e-flex e-con e-child\" data-id=\"c08c026\" data-element_type=\"container\" data-e-type=\"container\" data-settings=\"{&quot;background_background&quot;:&quot;classic&quot;}\">\n\t\t\t\t<div class=\"elementor-element elementor-element-5efa63b elementor-icon-list--layout-traditional elementor-list-item-link-full_width elementor-widget elementor-widget-icon-list\" data-id=\"5efa63b\" data-element_type=\"widget\" data-e-type=\"widget\" data-widget_type=\"icon-list.default\">\n\t\t\t\t\t\t\t<ul class=\"elementor-icon-list-items\">\n\t\t\t\t\t\t\t<li class=\"elementor-icon-list-item\">\n\t\t\t\t\t\t\t\t\t\t\t<span class=\"elementor-icon-list-icon\">\n\t\t\t\t\t\t\t<svg aria-hidden=\"true\" class=\"e-font-icon-svg e-fas-map-marker\" viewBox=\"0 0 384 512\" xmlns=\"http:\/\/www.w3.org\/2000\/svg\"><path d=\"M172.268 501.67C26.97 291.031 0 269.413 0 192 0 85.961 85.961 0 192 0s192 85.961 192 192c0 77.413-26.97 99.031-172.268 309.67-9.535 13.774-29.93 13.773-39.464 0z\"><\/path><\/svg>\t\t\t\t\t\t<\/span>\n\t\t\t\t\t\t\t\t\t\t<span class=\"elementor-icon-list-text\">PORTO CESAREO<\/span>\n\t\t\t\t\t\t\t\t\t<\/li>\n\t\t\t\t\t\t<\/ul>\n\t\t\t\t\t\t<\/div>\n\t\t\t\t<\/div>\n\t\t<div class=\"elementor-element elementor-element-f4bd75d e-con-full e-flex e-con e-child\" data-id=\"f4bd75d\" data-element_type=\"container\" data-e-type=\"container\" data-settings=\"{&quot;background_background&quot;:&quot;classic&quot;}\">\n\t\t\t\t<div class=\"elementor-element elementor-element-419aead elementor-icon-list--layout-traditional elementor-list-item-link-full_width elementor-widget elementor-widget-icon-list\" data-id=\"419aead\" data-element_type=\"widget\" data-e-type=\"widget\" data-widget_type=\"icon-list.default\">\n\t\t\t\t\t\t\t<ul class=\"elementor-icon-list-items\">\n\t\t\t\t\t\t\t<li class=\"elementor-icon-list-item\">\n\t\t\t\t\t\t\t\t\t\t\t<span class=\"elementor-icon-list-icon\">\n\t\t\t\t\t\t\t<svg aria-hidden=\"true\" class=\"e-font-icon-svg e-fas-map-marker\" viewBox=\"0 0 384 512\" xmlns=\"http:\/\/www.w3.org\/2000\/svg\"><path d=\"M172.268 501.67C26.97 291.031 0 269.413 0 192 0 85.961 85.961 0 192 0s192 85.961 192 192c0 77.413-26.97 99.031-172.268 309.67-9.535 13.774-29.93 13.773-39.464 0z\"><\/path><\/svg>\t\t\t\t\t\t<\/span>\n\t\t\t\t\t\t\t\t\t\t<span class=\"elementor-icon-list-text\">TORRE LAPILLO<\/span>\n\t\t\t\t\t\t\t\t\t<\/li>\n\t\t\t\t\t\t<\/ul>\n\t\t\t\t\t\t<\/div>\n\t\t\t\t<\/div>\n\t\t\t\t<\/div>\n\t\t<div class=\"elementor-element elementor-element-586302b e-con-full e-flex e-con e-parent\" data-id=\"586302b\" data-element_type=\"container\" data-e-type=\"container\" data-settings=\"{&quot;background_background&quot;:&quot;classic&quot;}\">\n\t\t\t\t<div class=\"elementor-element elementor-element-6370484 elementor-widget elementor-widget-heading\" data-id=\"6370484\" data-element_type=\"widget\" data-e-type=\"widget\" data-widget_type=\"heading.default\">\n\t\t\t\t\t<h2 class=\"elementor-heading-title elementor-size-default\">Chaque jour une mer diff\u00e9rente<\/h2>\t\t\t\t<\/div>\n\t\t\t\t<div class=\"elementor-element elementor-element-3d4d837 elementor-widget__width-initial elementor-widget elementor-widget-text-editor\" data-id=\"3d4d837\" data-element_type=\"widget\" data-e-type=\"widget\" data-widget_type=\"text-editor.default\">\n\t\t\t\t\t\t\t\t\t<p class=\"p1\">Les h\u00f4tes peuvent choisir librement comment organiser leur journ\u00e9e : r\u00e9server un \u00e9tablissement baln\u00e9aire sur les plages de Porto Cesareo ou Torre Lapillo, profiter des plages libres les plus appr\u00e9ci\u00e9es de la r\u00e9gion ou<\/p><p class=\"p1\">Avec la commodit\u00e9 de pouvoir revenir, \u00e0 tout moment, dans un lieu priv\u00e9<\/p>\t\t\t\t\t\t\t\t<\/div>\n\t\t\t\t<\/div>\n\t\t\t\t<\/div>\n\t\t","protected":false},"excerpt":{"rendered":"<p>La mer, quand vous la voulez rien que pour vous la plage priv\u00e9e de l&rsquo;h\u00f4tel La plage priv\u00e9e de l&rsquo;Isola Lo Scoglio Hotel est un lieu exclusif, con\u00e7u pour vivre la mer sans interm\u00e9diaire. Ici, nul besoin d&rsquo;organiser quoi que ce soit : la mer est \u00e0 quelques pas, toujours accessible. Un plongeon le matin, [&hellip;]<\/p>\n","protected":false},"author":1,"featured_media":0,"parent":0,"menu_order":0,"comment_status":"closed","ping_status":"closed","template":"","meta":{"_acf_changed":false,"footnotes":""},"class_list":["post-410","page","type-page","status-publish","hentry"],"acf":[],"_links":{"self":[{"href":"https:\/\/isolaloscogliohotel.it\/fr\/wp-json\/wp\/v2\/pages\/410","targetHints":{"allow":["GET"]}}],"collection":[{"href":"https:\/\/isolaloscogliohotel.it\/fr\/wp-json\/wp\/v2\/pages"}],"about":[{"href":"https:\/\/isolaloscogliohotel.it\/fr\/wp-json\/wp\/v2\/types\/page"}],"author":[{"embeddable":true,"href":"https:\/\/isolaloscogliohotel.it\/fr\/wp-json\/wp\/v2\/users\/1"}],"replies":[{"embeddable":true,"href":"https:\/\/isolaloscogliohotel.it\/fr\/wp-json\/wp\/v2\/comments?post=410"}],"version-history":[{"count":1,"href":"https:\/\/isolaloscogliohotel.it\/fr\/wp-json\/wp\/v2\/pages\/410\/revisions"}],"predecessor-version":[{"id":422,"href":"https:\/\/isolaloscogliohotel.it\/fr\/wp-json\/wp\/v2\/pages\/410\/revisions\/422"}],"wp:attachment":[{"href":"https:\/\/isolaloscogliohotel.it\/fr\/wp-json\/wp\/v2\/media?parent=410"}],"curies":[{"name":"wp","href":"https:\/\/api.w.org\/{rel}","templated":true}]}}