{"id":473,"date":"2026-01-28T11:41:08","date_gmt":"2026-01-28T09:41:08","guid":{"rendered":"https:\/\/isolaloscogliohotel.it\/restaurant\/"},"modified":"2026-01-31T14:04:53","modified_gmt":"2026-01-31T12:04:53","slug":"restaurant","status":"publish","type":"page","link":"https:\/\/isolaloscogliohotel.it\/fr\/restaurant\/","title":{"rendered":"Restaurant"},"content":{"rendered":"\t\t<div data-elementor-type=\"wp-page\" data-elementor-id=\"473\" class=\"elementor elementor-473 elementor-143\" data-elementor-post-type=\"page\">\n\t\t\t\t<div class=\"elementor-element elementor-element-cc055bb e-flex e-con-boxed e-con e-parent\" data-id=\"cc055bb\" data-element_type=\"container\" data-e-type=\"container\" data-settings=\"{&quot;background_background&quot;:&quot;classic&quot;}\">\n\t\t\t\t\t<div class=\"e-con-inner\">\n\t\t\t\t\t<\/div>\n\t\t\t\t<\/div>\n\t\t<div class=\"elementor-element elementor-element-5b1c682 e-flex e-con-boxed e-con e-parent\" data-id=\"5b1c682\" data-element_type=\"container\" data-e-type=\"container\">\n\t\t\t\t\t<div class=\"e-con-inner\">\n\t\t\t\t<div class=\"elementor-element elementor-element-60b829f elementor-widget elementor-widget-heading\" data-id=\"60b829f\" data-element_type=\"widget\" data-e-type=\"widget\" data-widget_type=\"heading.default\">\n\t\t\t\t\t<h2 class=\"elementor-heading-title elementor-size-default\">Cuisine m\u00e9diterran\u00e9enne, \u00e9quilibre naturel<\/h2>\t\t\t\t<\/div>\n\t\t\t\t<div class=\"elementor-element elementor-element-10d1083 elementor-widget elementor-widget-heading\" data-id=\"10d1083\" data-element_type=\"widget\" data-e-type=\"widget\" data-widget_type=\"heading.default\">\n\t\t\t\t\t<h2 class=\"elementor-heading-title elementor-size-default\">restaurant lo scoglio<\/h2>\t\t\t\t<\/div>\n\t\t\t\t<div class=\"elementor-element elementor-element-9a6f2a9 elementor-widget__width-initial elementor-widget elementor-widget-text-editor\" data-id=\"9a6f2a9\" data-element_type=\"widget\" data-e-type=\"widget\" data-widget_type=\"text-editor.default\">\n\t\t\t\t\t\t\t\t\t<p class=\"p1\">Le Restaurant Lo Scoglio na\u00eet au c\u0153ur d&rsquo;une aire marine prot\u00e9g\u00e9e, \u00e0 Porto Cesareo. Sur une \u00eele, immerg\u00e9s dans une nature tranquille et rassurante o\u00f9 profiter de l&rsquo;air salubre et des parfums de la mer<\/p><p class=\"p1\">Au restaurant d&rsquo;Isola Lo Scoglio Hotel, la cuisine dialogue avec le paysage : ici la mer est toujours pr\u00e9sente dans la lumi\u00e8re, dans l&rsquo;atmosph\u00e8re, dans le rythme de la journ\u00e9e.<\/p><p class=\"p1\">Un lieu pens\u00e9 pour s&rsquo;accorder une pause authentique, entre saveurs m\u00e9diterran\u00e9ennes et une vue qui accompagne chaque moment.<\/p>\t\t\t\t\t\t\t\t<\/div>\n\t\t\t\t\t<\/div>\n\t\t\t\t<\/div>\n\t\t<div class=\"elementor-element elementor-element-5336167 e-flex e-con-boxed e-con e-parent\" data-id=\"5336167\" data-element_type=\"container\" data-e-type=\"container\" data-settings=\"{&quot;background_background&quot;:&quot;classic&quot;}\">\n\t\t\t\t\t<div class=\"e-con-inner\">\n\t\t<div class=\"elementor-element elementor-element-3e481ec e-con-full e-flex e-con e-child\" data-id=\"3e481ec\" data-element_type=\"container\" data-e-type=\"container\" data-settings=\"{&quot;background_background&quot;:&quot;classic&quot;}\">\n\t\t\t\t<div class=\"elementor-element elementor-element-7d204ae elementor-widget elementor-widget-heading\" data-id=\"7d204ae\" data-element_type=\"widget\" data-e-type=\"widget\" data-widget_type=\"heading.default\">\n\t\t\t\t\t<h2 class=\"elementor-heading-title elementor-size-default\">tradition et cr\u00e9ativit\u00e9<\/h2>\t\t\t\t<\/div>\n\t\t\t\t<div class=\"elementor-element elementor-element-652fc5b elementor-widget__width-initial elementor-widget elementor-widget-text-editor\" data-id=\"652fc5b\" data-element_type=\"widget\" data-e-type=\"widget\" data-widget_type=\"text-editor.default\">\n\t\t\t\t\t\t\t\t\t<p class=\"p1\">La cuisine du Restaurant Lo Scoglio raconte une histoire de Qualit\u00e9, Authenticit\u00e9 et Traditions qui se m\u00e9langent \u00e0 l&rsquo;art cr\u00e9atif du Chef et donnent vie \u00e0 un menu riche adapt\u00e9 \u00e0 tous les palais.<\/p>\t\t\t\t\t\t\t\t<\/div>\n\t\t\t\t<\/div>\n\t\t\t\t\t<\/div>\n\t\t\t\t<\/div>\n\t\t<div class=\"elementor-element elementor-element-ebf0d54 e-con-full e-flex e-con e-parent\" data-id=\"ebf0d54\" data-element_type=\"container\" data-e-type=\"container\">\n\t\t<div class=\"elementor-element elementor-element-e466135 e-con-full e-flex e-con e-child\" data-id=\"e466135\" data-element_type=\"container\" data-e-type=\"container\" data-settings=\"{&quot;background_background&quot;:&quot;classic&quot;}\">\n\t\t\t\t<div class=\"elementor-element elementor-element-5c9fb31 elementor-widget elementor-widget-heading\" data-id=\"5c9fb31\" data-element_type=\"widget\" data-e-type=\"widget\" data-widget_type=\"heading.default\">\n\t\t\t\t\t<h2 class=\"elementor-heading-title elementor-size-default\">DU D\u00c9JEUNER<br>AU D\u00ceNER<\/h2>\t\t\t\t<\/div>\n\t\t\t\t<div class=\"elementor-element elementor-element-b64db73 elementor-widget elementor-widget-heading\" data-id=\"b64db73\" data-element_type=\"widget\" data-e-type=\"widget\" data-widget_type=\"heading.default\">\n\t\t\t\t\t<h2 class=\"elementor-heading-title elementor-size-default\">Un accueil naturel<\/h2>\t\t\t\t<\/div>\n\t\t\t\t<div class=\"elementor-element elementor-element-28c5072 elementor-widget__width-initial elementor-widget elementor-widget-text-editor\" data-id=\"28c5072\" data-element_type=\"widget\" data-e-type=\"widget\" data-widget_type=\"text-editor.default\">\n\t\t\t\t\t\t\t\t\t<p class=\"p1\">Le restaurant suit le rythme de l&rsquo;\u00eele : chaque moment a son temps, chaque temps son go\u00fbt.<\/p><p class=\"p1\">Aux grands plats s&rsquo;associent de grands vins : c&rsquo;est pourquoi nous avons une s\u00e9lection recherch\u00e9e de vins locaux et de toute l&rsquo;Italie<\/p>\t\t\t\t\t\t\t\t<\/div>\n\t\t\t\t<\/div>\n\t\t<div class=\"elementor-element elementor-element-f74c686 e-con-full e-flex e-con e-child\" data-id=\"f74c686\" data-element_type=\"container\" data-e-type=\"container\" data-settings=\"{&quot;background_background&quot;:&quot;classic&quot;}\">\n\t\t\t\t<div class=\"elementor-element elementor-element-7347684 elementor-widget elementor-widget-heading\" data-id=\"7347684\" data-element_type=\"widget\" data-e-type=\"widget\" data-widget_type=\"heading.default\">\n\t\t\t\t\t<h2 class=\"elementor-heading-title elementor-size-default\">d\u00e9jeuner<\/h2>\t\t\t\t<\/div>\n\t\t\t\t<div class=\"elementor-element elementor-element-28f6b96 elementor-widget elementor-widget-heading\" data-id=\"28f6b96\" data-element_type=\"widget\" data-e-type=\"widget\" data-widget_type=\"heading.default\">\n\t\t\t\t\t<h2 class=\"elementor-heading-title elementor-size-default\">l\u00e9ger, lumineux<br>parfait entre deux plongeons<\/h2>\t\t\t\t<\/div>\n\t\t\t\t<\/div>\n\t\t<div class=\"elementor-element elementor-element-a9c1c8d e-con-full e-flex e-con e-child\" data-id=\"a9c1c8d\" data-element_type=\"container\" data-e-type=\"container\" data-settings=\"{&quot;background_background&quot;:&quot;classic&quot;}\">\n\t\t\t\t<div class=\"elementor-element elementor-element-be4e88f elementor-widget elementor-widget-heading\" data-id=\"be4e88f\" data-element_type=\"widget\" data-e-type=\"widget\" data-widget_type=\"heading.default\">\n\t\t\t\t\t<h2 class=\"elementor-heading-title elementor-size-default\">ap\u00e9ritif<\/h2>\t\t\t\t<\/div>\n\t\t\t\t<div class=\"elementor-element elementor-element-1d879d4 elementor-widget elementor-widget-heading\" data-id=\"1d879d4\" data-element_type=\"widget\" data-e-type=\"widget\" data-widget_type=\"heading.default\">\n\t\t\t\t\t<h2 class=\"elementor-heading-title elementor-size-default\">quand le soleil descend<br> et l'atmosph\u00e8re change<\/h2>\t\t\t\t<\/div>\n\t\t\t\t<\/div>\n\t\t<div class=\"elementor-element elementor-element-d295063 e-con-full e-flex e-con e-child\" data-id=\"d295063\" data-element_type=\"container\" data-e-type=\"container\" data-settings=\"{&quot;background_background&quot;:&quot;classic&quot;}\">\n\t\t\t\t<div class=\"elementor-element elementor-element-a6a3a54 elementor-widget elementor-widget-heading\" data-id=\"a6a3a54\" data-element_type=\"widget\" data-e-type=\"widget\" data-widget_type=\"heading.default\">\n\t\t\t\t\t<h2 class=\"elementor-heading-title elementor-size-default\">d\u00eener<\/h2>\t\t\t\t<\/div>\n\t\t\t\t<div class=\"elementor-element elementor-element-54a7764 elementor-widget elementor-widget-heading\" data-id=\"54a7764\" data-element_type=\"widget\" data-e-type=\"widget\" data-widget_type=\"heading.default\">\n\t\t\t\t\t<h2 class=\"elementor-heading-title elementor-size-default\">intime, d\u00e9tendu,<br>accompagn\u00e9 par le bruit de l'eau<\/h2>\t\t\t\t<\/div>\n\t\t\t\t<\/div>\n\t\t\t\t<\/div>\n\t\t<div class=\"elementor-element elementor-element-586302b e-con-full e-flex e-con e-parent\" data-id=\"586302b\" data-element_type=\"container\" data-e-type=\"container\" data-settings=\"{&quot;background_background&quot;:&quot;classic&quot;}\">\n\t\t\t\t<div class=\"elementor-element elementor-element-6370484 elementor-widget elementor-widget-heading\" data-id=\"6370484\" data-element_type=\"widget\" data-e-type=\"widget\" data-widget_type=\"heading.default\">\n\t\t\t\t\t<h2 class=\"elementor-heading-title elementor-size-default\">Que ce soit pour un d\u00e9jeuner informel ou un d\u00eener sp\u00e9cial,<br>le restaurant fait partie int\u00e9grante de l'exp\u00e9rience sur l'\u00eele<\/h2>\t\t\t\t<\/div>\n\t\t\t\t<div class=\"elementor-element elementor-element-7fa8101 elementor-align-center elementor-widget elementor-widget-button\" data-id=\"7fa8101\" data-element_type=\"widget\" data-e-type=\"widget\" data-widget_type=\"button.default\">\n\t\t\t\t\t\t\t\t\t\t<a class=\"elementor-button elementor-button-link elementor-size-sm\" href=\"#\">\n\t\t\t\t\t\t<span class=\"elementor-button-content-wrapper\">\n\t\t\t\t\t\t\t\t\t<span class=\"elementor-button-text\">r\u00e9servez votre table<\/span>\n\t\t\t\t\t<\/span>\n\t\t\t\t\t<\/a>\n\t\t\t\t\t\t\t\t<\/div>\n\t\t\t\t<\/div>\n\t\t\t\t<\/div>\n\t\t","protected":false},"excerpt":{"rendered":"<p>Cuisine m\u00e9diterran\u00e9enne, \u00e9quilibre naturel restaurant lo scoglio Le Restaurant Lo Scoglio na\u00eet au c\u0153ur d&rsquo;une aire marine prot\u00e9g\u00e9e, \u00e0 Porto Cesareo. Sur une \u00eele, immerg\u00e9s dans une nature tranquille et rassurante o\u00f9 profiter de l&rsquo;air salubre et des parfums de la mer Au restaurant d&rsquo;Isola Lo Scoglio Hotel, la cuisine dialogue avec le paysage : [&hellip;]<\/p>\n","protected":false},"author":1,"featured_media":0,"parent":0,"menu_order":0,"comment_status":"closed","ping_status":"closed","template":"","meta":{"_acf_changed":false,"footnotes":""},"class_list":["post-473","page","type-page","status-publish","hentry"],"acf":[],"_links":{"self":[{"href":"https:\/\/isolaloscogliohotel.it\/fr\/wp-json\/wp\/v2\/pages\/473","targetHints":{"allow":["GET"]}}],"collection":[{"href":"https:\/\/isolaloscogliohotel.it\/fr\/wp-json\/wp\/v2\/pages"}],"about":[{"href":"https:\/\/isolaloscogliohotel.it\/fr\/wp-json\/wp\/v2\/types\/page"}],"author":[{"embeddable":true,"href":"https:\/\/isolaloscogliohotel.it\/fr\/wp-json\/wp\/v2\/users\/1"}],"replies":[{"embeddable":true,"href":"https:\/\/isolaloscogliohotel.it\/fr\/wp-json\/wp\/v2\/comments?post=473"}],"version-history":[{"count":1,"href":"https:\/\/isolaloscogliohotel.it\/fr\/wp-json\/wp\/v2\/pages\/473\/revisions"}],"predecessor-version":[{"id":482,"href":"https:\/\/isolaloscogliohotel.it\/fr\/wp-json\/wp\/v2\/pages\/473\/revisions\/482"}],"wp:attachment":[{"href":"https:\/\/isolaloscogliohotel.it\/fr\/wp-json\/wp\/v2\/media?parent=473"}],"curies":[{"name":"wp","href":"https:\/\/api.w.org\/{rel}","templated":true}]}}