{"id":541,"date":"2026-01-28T11:41:04","date_gmt":"2026-01-28T09:41:04","guid":{"rendered":"https:\/\/isolaloscogliohotel.it\/services\/"},"modified":"2026-01-31T14:05:04","modified_gmt":"2026-01-31T12:05:04","slug":"services","status":"publish","type":"page","link":"https:\/\/isolaloscogliohotel.it\/fr\/services\/","title":{"rendered":"Services"},"content":{"rendered":"\t\t<div data-elementor-type=\"wp-page\" data-elementor-id=\"541\" class=\"elementor elementor-541 elementor-145\" data-elementor-post-type=\"page\">\n\t\t\t\t<div class=\"elementor-element elementor-element-cc055bb e-flex e-con-boxed e-con e-parent\" data-id=\"cc055bb\" data-element_type=\"container\" data-e-type=\"container\" data-settings=\"{&quot;background_background&quot;:&quot;classic&quot;}\">\n\t\t\t\t\t<div class=\"e-con-inner\">\n\t\t\t\t\t<\/div>\n\t\t\t\t<\/div>\n\t\t<div class=\"elementor-element elementor-element-5b1c682 e-flex e-con-boxed e-con e-parent\" data-id=\"5b1c682\" data-element_type=\"container\" data-e-type=\"container\">\n\t\t\t\t\t<div class=\"e-con-inner\">\n\t\t\t\t<div class=\"elementor-element elementor-element-60b829f elementor-widget elementor-widget-heading\" data-id=\"60b829f\" data-element_type=\"widget\" data-e-type=\"widget\" data-widget_type=\"heading.default\">\n\t\t\t\t\t<h2 class=\"elementor-heading-title elementor-size-default\">Pr\u00e9sence discr\u00e8te, confort constant<\/h2>\t\t\t\t<\/div>\n\t\t\t\t<div class=\"elementor-element elementor-element-10d1083 elementor-widget elementor-widget-heading\" data-id=\"10d1083\" data-element_type=\"widget\" data-e-type=\"widget\" data-widget_type=\"heading.default\">\n\t\t\t\t\t<h2 class=\"elementor-heading-title elementor-size-default\">LES SERVICES QUI FONT LA DIFF\u00c9RENCE<\/h2>\t\t\t\t<\/div>\n\t\t\t\t<div class=\"elementor-element elementor-element-9a6f2a9 elementor-widget__width-initial elementor-widget elementor-widget-text-editor\" data-id=\"9a6f2a9\" data-element_type=\"widget\" data-e-type=\"widget\" data-widget_type=\"text-editor.default\">\n\t\t\t\t\t\t\t\t\t<p class=\"p1\">\u00c0 l&rsquo;Isola Lo Scoglio Hotel, les services sont con\u00e7us pour accompagner l&rsquo;h\u00f4te avec naturel, sans interf\u00e9rer avec le rythme du s\u00e9jour.<\/p><p class=\"p1\">Une attention constante, jamais envahissante, qui laisse place \u00e0 la libert\u00e9 de vivre l&rsquo;\u00eele de mani\u00e8re personnelle.<\/p>\t\t\t\t\t\t\t\t<\/div>\n\t\t\t\t\t<\/div>\n\t\t\t\t<\/div>\n\t\t<div class=\"elementor-element elementor-element-ebf0d54 e-con-full e-flex e-con e-parent\" data-id=\"ebf0d54\" data-element_type=\"container\" data-e-type=\"container\">\n\t\t<div class=\"elementor-element elementor-element-e466135 e-con-full e-flex e-con e-child\" data-id=\"e466135\" data-element_type=\"container\" data-e-type=\"container\" data-settings=\"{&quot;background_background&quot;:&quot;classic&quot;}\">\n\t\t\t\t<div class=\"elementor-element elementor-element-5c9fb31 elementor-widget elementor-widget-heading\" data-id=\"5c9fb31\" data-element_type=\"widget\" data-e-type=\"widget\" data-widget_type=\"heading.default\">\n\t\t\t\t\t<h2 class=\"elementor-heading-title elementor-size-default\">r\u00e9ception<\/h2>\t\t\t\t<\/div>\n\t\t\t\t<div class=\"elementor-element elementor-element-b64db73 elementor-widget elementor-widget-heading\" data-id=\"b64db73\" data-element_type=\"widget\" data-e-type=\"widget\" data-widget_type=\"heading.default\">\n\t\t\t\t\t<h2 class=\"elementor-heading-title elementor-size-default\">Un accueil naturel<\/h2>\t\t\t\t<\/div>\n\t\t\t\t<div class=\"elementor-element elementor-element-28c5072 elementor-widget__width-initial elementor-widget elementor-widget-text-editor\" data-id=\"28c5072\" data-element_type=\"widget\" data-e-type=\"widget\" data-widget_type=\"text-editor.default\">\n\t\t\t\t\t\t\t\t\t<p class=\"p1\">Pr\u00e9sente, ordonn\u00e9e, attentive.<\/p><p class=\"p1\">La r\u00e9ception accompagne chaque arriv\u00e9e et chaque demande avec simplicit\u00e9 et soin.<\/p>\t\t\t\t\t\t\t\t<\/div>\n\t\t\t\t<\/div>\n\t\t<div class=\"elementor-element elementor-element-a9c1c8d e-con-full e-flex e-con e-child\" data-id=\"a9c1c8d\" data-element_type=\"container\" data-e-type=\"container\" data-settings=\"{&quot;background_background&quot;:&quot;classic&quot;}\">\n\t\t\t\t<div class=\"elementor-element elementor-element-be4e88f elementor-widget elementor-widget-heading\" data-id=\"be4e88f\" data-element_type=\"widget\" data-e-type=\"widget\" data-widget_type=\"heading.default\">\n\t\t\t\t\t<h2 class=\"elementor-heading-title elementor-size-default\">conciergerie<\/h2>\t\t\t\t<\/div>\n\t\t\t\t<div class=\"elementor-element elementor-element-1d879d4 elementor-widget elementor-widget-heading\" data-id=\"1d879d4\" data-element_type=\"widget\" data-e-type=\"widget\" data-widget_type=\"heading.default\">\n\t\t\t\t\t<h2 class=\"elementor-heading-title elementor-size-default\">Le territoire \u00e0 port\u00e9e de main<\/h2>\t\t\t\t<\/div>\n\t\t\t\t<div class=\"elementor-element elementor-element-0bf045f elementor-widget__width-initial elementor-widget elementor-widget-text-editor\" data-id=\"0bf045f\" data-element_type=\"widget\" data-e-type=\"widget\" data-widget_type=\"text-editor.default\">\n\t\t\t\t\t\t\t\t\t<p class=\"p1\">Conseils cibl\u00e9s, r\u00e9servations, suggestions personnalis\u00e9es.<\/p><p class=\"p1\">Un soutien discret pour profiter de Porto Cesareo sans soucis.<\/p>\t\t\t\t\t\t\t\t<\/div>\n\t\t\t\t<\/div>\n\t\t<div class=\"elementor-element elementor-element-d295063 e-con-full e-flex e-con e-child\" data-id=\"d295063\" data-element_type=\"container\" data-e-type=\"container\" data-settings=\"{&quot;background_background&quot;:&quot;classic&quot;}\">\n\t\t\t\t<div class=\"elementor-element elementor-element-a6a3a54 elementor-widget elementor-widget-heading\" data-id=\"a6a3a54\" data-element_type=\"widget\" data-e-type=\"widget\" data-widget_type=\"heading.default\">\n\t\t\t\t\t<h2 class=\"elementor-heading-title elementor-size-default\">parking<br>priv\u00e9<\/h2>\t\t\t\t<\/div>\n\t\t\t\t<div class=\"elementor-element elementor-element-54a7764 elementor-widget elementor-widget-heading\" data-id=\"54a7764\" data-element_type=\"widget\" data-e-type=\"widget\" data-widget_type=\"heading.default\">\n\t\t\t\t\t<h2 class=\"elementor-heading-title elementor-size-default\">Se d\u00e9placer librement<\/h2>\t\t\t\t<\/div>\n\t\t\t\t<div class=\"elementor-element elementor-element-7d4ef58 elementor-widget__width-initial elementor-widget elementor-widget-text-editor\" data-id=\"7d4ef58\" data-element_type=\"widget\" data-e-type=\"widget\" data-widget_type=\"text-editor.default\">\n\t\t\t\t\t\t\t\t\t<p class=\"p1\">Un parking r\u00e9serv\u00e9 pour garantir autonomie et commodit\u00e9.<\/p><p class=\"p1\">Arriver, partir, revenir devient imm\u00e9diat.<\/p>\t\t\t\t\t\t\t\t<\/div>\n\t\t\t\t<\/div>\n\t\t\t\t<\/div>\n\t\t<div class=\"elementor-element elementor-element-586302b e-con-full e-flex e-con e-parent\" data-id=\"586302b\" data-element_type=\"container\" data-e-type=\"container\" data-settings=\"{&quot;background_background&quot;:&quot;classic&quot;}\">\n\t\t\t\t<div class=\"elementor-element elementor-element-6370484 elementor-widget elementor-widget-heading\" data-id=\"6370484\" data-element_type=\"widget\" data-e-type=\"widget\" data-widget_type=\"heading.default\">\n\t\t\t\t\t<h2 class=\"elementor-heading-title elementor-size-default\">Chaque d\u00e9tail est \u00e0 sa place, pour que le s\u00e9jour soit vraiment complet.<\/h2>\t\t\t\t<\/div>\n\t\t\t\t<\/div>\n\t\t<div class=\"elementor-element elementor-element-b4b96a7 e-con-full e-flex e-con e-parent\" data-id=\"b4b96a7\" data-element_type=\"container\" data-e-type=\"container\">\n\t\t<div class=\"elementor-element elementor-element-8ef6abb e-con-full e-flex e-con e-child\" data-id=\"8ef6abb\" data-element_type=\"container\" data-e-type=\"container\" data-settings=\"{&quot;background_background&quot;:&quot;classic&quot;}\">\n\t\t\t\t<div class=\"elementor-element elementor-element-2a978d5 elementor-widget elementor-widget-heading\" data-id=\"2a978d5\" data-element_type=\"widget\" data-e-type=\"widget\" data-widget_type=\"heading.default\">\n\t\t\t\t\t<h2 class=\"elementor-heading-title elementor-size-default\">Plage priv\u00e9e<\/h2>\t\t\t\t<\/div>\n\t\t\t\t<div class=\"elementor-element elementor-element-4b5cd94 elementor-widget elementor-widget-heading\" data-id=\"4b5cd94\" data-element_type=\"widget\" data-e-type=\"widget\" data-widget_type=\"heading.default\">\n\t\t\t\t\t<h2 class=\"elementor-heading-title elementor-size-default\">Acc\u00e8s direct \u00e0 l'eau,<br>uniquement pour nos h\u00f4tes<\/h2>\t\t\t\t<\/div>\n\t\t\t\t<\/div>\n\t\t<div class=\"elementor-element elementor-element-7d68994 e-con-full e-flex e-con e-child\" data-id=\"7d68994\" data-element_type=\"container\" data-e-type=\"container\" data-settings=\"{&quot;background_background&quot;:&quot;classic&quot;}\">\n\t\t\t\t<div class=\"elementor-element elementor-element-f198495 elementor-widget elementor-widget-heading\" data-id=\"f198495\" data-element_type=\"widget\" data-e-type=\"widget\" data-widget_type=\"heading.default\">\n\t\t\t\t\t<h2 class=\"elementor-heading-title elementor-size-default\">restaurant vue mer<\/h2>\t\t\t\t<\/div>\n\t\t\t\t<div class=\"elementor-element elementor-element-94bbf62 elementor-widget elementor-widget-heading\" data-id=\"94bbf62\" data-element_type=\"widget\" data-e-type=\"widget\" data-widget_type=\"heading.default\">\n\t\t\t\t\t<h2 class=\"elementor-heading-title elementor-size-default\">Cuisine m\u00e9diterran\u00e9enne<br>contemporaine<\/h2>\t\t\t\t<\/div>\n\t\t\t\t<\/div>\n\t\t\t\t<\/div>\n\t\t\t\t<\/div>\n\t\t","protected":false},"excerpt":{"rendered":"<p>Pr\u00e9sence discr\u00e8te, confort constant LES SERVICES QUI FONT LA DIFF\u00c9RENCE \u00c0 l&rsquo;Isola Lo Scoglio Hotel, les services sont con\u00e7us pour accompagner l&rsquo;h\u00f4te avec naturel, sans interf\u00e9rer avec le rythme du s\u00e9jour. Une attention constante, jamais envahissante, qui laisse place \u00e0 la libert\u00e9 de vivre l&rsquo;\u00eele de mani\u00e8re personnelle. r\u00e9ception Un accueil naturel Pr\u00e9sente, ordonn\u00e9e, attentive. [&hellip;]<\/p>\n","protected":false},"author":1,"featured_media":0,"parent":0,"menu_order":0,"comment_status":"closed","ping_status":"closed","template":"","meta":{"_acf_changed":false,"footnotes":""},"class_list":["post-541","page","type-page","status-publish","hentry"],"acf":[],"_links":{"self":[{"href":"https:\/\/isolaloscogliohotel.it\/fr\/wp-json\/wp\/v2\/pages\/541","targetHints":{"allow":["GET"]}}],"collection":[{"href":"https:\/\/isolaloscogliohotel.it\/fr\/wp-json\/wp\/v2\/pages"}],"about":[{"href":"https:\/\/isolaloscogliohotel.it\/fr\/wp-json\/wp\/v2\/types\/page"}],"author":[{"embeddable":true,"href":"https:\/\/isolaloscogliohotel.it\/fr\/wp-json\/wp\/v2\/users\/1"}],"replies":[{"embeddable":true,"href":"https:\/\/isolaloscogliohotel.it\/fr\/wp-json\/wp\/v2\/comments?post=541"}],"version-history":[{"count":3,"href":"https:\/\/isolaloscogliohotel.it\/fr\/wp-json\/wp\/v2\/pages\/541\/revisions"}],"predecessor-version":[{"id":546,"href":"https:\/\/isolaloscogliohotel.it\/fr\/wp-json\/wp\/v2\/pages\/541\/revisions\/546"}],"wp:attachment":[{"href":"https:\/\/isolaloscogliohotel.it\/fr\/wp-json\/wp\/v2\/media?parent=541"}],"curies":[{"name":"wp","href":"https:\/\/api.w.org\/{rel}","templated":true}]}}